{"id":13,"date":"2021-02-10T17:22:53","date_gmt":"2021-02-10T16:22:53","guid":{"rendered":"http:\/\/secretx.cluster030.hosting.ovh.net\/?page_id=13"},"modified":"2021-03-25T13:23:48","modified_gmt":"2021-03-25T12:23:48","slug":"professionnels","status":"publish","type":"page","link":"https:\/\/secret-ca.com\/index.php\/professionnels\/","title":{"rendered":"Professionnels"},"content":{"rendered":"\n<div class=\"wp-block-columns\">\n<div class=\"wp-block-column\" style=\"flex-basis:100%\">\n<h2 class=\"has-text-align-center\"><span style=\"color:#d0103a\" class=\"has-inline-color\">Secr\u00e9tariat<\/span><\/h2>\n\n\n\n<div class=\"wp-block-media-text alignwide is-stacked-on-mobile is-vertically-aligned-center\"><figure class=\"wp-block-media-text__media\"><img loading=\"lazy\" width=\"783\" height=\"520\" src=\"http:\/\/secretx.cluster030.hosting.ovh.net\/wp-content\/uploads\/2021\/02\/secretariat.jpg\" alt=\"\" class=\"wp-image-96 size-full\" srcset=\"https:\/\/secret-ca.com\/wp-content\/uploads\/2021\/02\/secretariat.jpg 783w, https:\/\/secret-ca.com\/wp-content\/uploads\/2021\/02\/secretariat-300x199.jpg 300w, https:\/\/secret-ca.com\/wp-content\/uploads\/2021\/02\/secretariat-768x510.jpg 768w\" sizes=\"(max-width: 767px) 89vw, (max-width: 1000px) 54vw, (max-width: 1071px) 543px, 580px\" \/><\/figure><div class=\"wp-block-media-text__content\">\n<ul><li>Accueil t\u00e9l\u00e9phonique (transfert d&#8217;appel)<\/li><li>R\u00e9daction des courriers<\/li><li>\u00c9laboration de tableaux de bord<\/li><li>Phoning commercial<\/li><li>Constitution et gestion de vos bases de donn\u00e9es<\/li><li>Publipostage<\/li><li>E-mailing<\/li><li>R\u00e9daction et \/ ou mise en page de documents <\/li><li>Rapport d&#8217;audit (cr\u00e9ation du document et production)<\/li><li>Rapport de visite (cr\u00e9ation du document et production)<\/li><li>P.P.S.P.S. <\/li><li>D.O.E. <\/li><\/ul>\n<\/div><\/div>\n<\/div>\n<\/div>\n\n\n\n<hr class=\"wp-block-separator has-text-color has-background has-black-background-color has-black-color is-style-wide\"\/>\n\n\n\n<h2 class=\"has-text-align-center has-text-color\" style=\"color:#d0103a\">Organisation administrative<\/h2>\n\n\n\n<div class=\"wp-block-media-text alignwide is-stacked-on-mobile\"><figure class=\"wp-block-media-text__media\"><img loading=\"lazy\" width=\"781\" height=\"534\" src=\"http:\/\/secretx.cluster030.hosting.ovh.net\/wp-content\/uploads\/2021\/02\/organisation-1.jpg\" alt=\"\" class=\"wp-image-97 size-full\" srcset=\"https:\/\/secret-ca.com\/wp-content\/uploads\/2021\/02\/organisation-1.jpg 781w, https:\/\/secret-ca.com\/wp-content\/uploads\/2021\/02\/organisation-1-300x205.jpg 300w, https:\/\/secret-ca.com\/wp-content\/uploads\/2021\/02\/organisation-1-768x525.jpg 768w\" sizes=\"(max-width: 767px) 89vw, (max-width: 1000px) 54vw, (max-width: 1071px) 543px, 580px\" \/><\/figure><div class=\"wp-block-media-text__content\">\n<ul><li>M\u00e9thodologie et conseil d&#8217;organisation administrative<\/li><li>Mise en place d\u2019une organisation pour l&#8217;administration des ventes, <\/li><li>Classement num\u00e9rique et physique<\/li><li>Constitution de dossiers administratifs divers<\/li><li>Collecte et gestion des documents administratifs, K-bis, attestations Fiscales, URSSAF, etc.<\/li><li>Suivi Administratif des sous-traitants et des contrats de sous-traitance<\/li><\/ul>\n<\/div><\/div>\n\n\n\n<hr class=\"wp-block-separator has-text-color has-background has-black-background-color has-black-color is-style-wide\"\/>\n\n\n\n<h2 class=\"has-text-align-center\"><span style=\"color:#d0103a\" class=\"has-inline-color\">Gestion<\/span><\/h2>\n\n\n\n<div class=\"wp-block-media-text alignwide is-stacked-on-mobile\"><figure class=\"wp-block-media-text__media\"><img loading=\"lazy\" width=\"1024\" height=\"470\" src=\"http:\/\/secretx.cluster030.hosting.ovh.net\/wp-content\/uploads\/2021\/02\/Gestion-1024x470.jpg\" alt=\"\" class=\"wp-image-98 size-full\" srcset=\"https:\/\/secret-ca.com\/wp-content\/uploads\/2021\/02\/Gestion-1024x470.jpg 1024w, https:\/\/secret-ca.com\/wp-content\/uploads\/2021\/02\/Gestion-300x138.jpg 300w, https:\/\/secret-ca.com\/wp-content\/uploads\/2021\/02\/Gestion-768x353.jpg 768w, https:\/\/secret-ca.com\/wp-content\/uploads\/2021\/02\/Gestion-1536x706.jpg 1536w, https:\/\/secret-ca.com\/wp-content\/uploads\/2021\/02\/Gestion.jpg 1561w\" sizes=\"(max-width: 767px) 89vw, (max-width: 1000px) 54vw, (max-width: 1071px) 543px, 580px\" \/><\/figure><div class=\"wp-block-media-text__content\">\n<ul><li>Suivi de budget, plan de tr\u00e9sorerie (conception des tableaux et suivi)<\/li><li>Gestion des notes de Frais<\/li><li>Collecte et regroupement des tickets bancaires<\/li><li>Pointage des relev\u00e9s de banques (rapprochement bancaire)&nbsp;<\/li><li>Saisies des achats et des ventes en comptabilit\u00e9<\/li><li>Interface avec le cabinet comptable.<\/li><\/ul>\n<\/div><\/div>\n\n\n\n<hr class=\"wp-block-separator has-text-color has-background has-black-background-color has-black-color is-style-wide\"\/>\n\n\n\n<h2 class=\"has-text-align-center\"><span style=\"color:#d0103a\" class=\"has-inline-color\">Administration des ventes &amp; des achats<\/span><\/h2>\n\n\n\n<div class=\"wp-block-media-text alignwide is-stacked-on-mobile\"><figure class=\"wp-block-media-text__media\"><img loading=\"lazy\" width=\"1024\" height=\"638\" src=\"http:\/\/secretx.cluster030.hosting.ovh.net\/wp-content\/uploads\/2021\/02\/Administration-vente--1024x638.jpg\" alt=\"\" class=\"wp-image-99 size-full\" srcset=\"https:\/\/secret-ca.com\/wp-content\/uploads\/2021\/02\/Administration-vente--1024x638.jpg 1024w, https:\/\/secret-ca.com\/wp-content\/uploads\/2021\/02\/Administration-vente--300x187.jpg 300w, https:\/\/secret-ca.com\/wp-content\/uploads\/2021\/02\/Administration-vente--768x478.jpg 768w, https:\/\/secret-ca.com\/wp-content\/uploads\/2021\/02\/Administration-vente--1536x957.jpg 1536w, https:\/\/secret-ca.com\/wp-content\/uploads\/2021\/02\/Administration-vente-.jpg 1599w\" sizes=\"(max-width: 767px) 89vw, (max-width: 1000px) 54vw, (max-width: 1071px) 543px, 580px\" \/><\/figure><div class=\"wp-block-media-text__content\">\n<ul><li>Clients<ul><li>Frappe des devis<\/li><\/ul><ul><li>Suivi des commandes clients<\/li><li>Facturation<\/li><li>Suivi des r\u00e8glements clients<\/li><li>Suivi des retenues de Garantie et des cautions bancaires<\/li><li>Relances des clients<\/li><\/ul><\/li><li>Fournisseurs<ul><li>Commandes Fournisseurs<\/li><li>Suivi des d\u00e9lais de livraison<\/li><li>V\u00e9rification des factures<\/li><li>\u00c9ch\u00e9anciers des r\u00e8glements fournisseurs.<\/li><\/ul><\/li><\/ul>\n\n\n\n<p><\/p>\n<\/div><\/div>\n\n\n\n<hr class=\"wp-block-separator has-text-color has-background has-black-background-color has-black-color is-style-wide\"\/>\n\n\n\n<h2 class=\"has-text-align-center\"><span style=\"color:#d0103a\" class=\"has-inline-color\">RH &amp; sociale<\/span><\/h2>\n\n\n\n<div class=\"wp-block-media-text alignwide is-stacked-on-mobile\"><figure class=\"wp-block-media-text__media\"><img loading=\"lazy\" width=\"1024\" height=\"678\" src=\"http:\/\/secretx.cluster030.hosting.ovh.net\/wp-content\/uploads\/2021\/02\/rh-1024x678.jpg\" alt=\"\" class=\"wp-image-100 size-full\" srcset=\"https:\/\/secret-ca.com\/wp-content\/uploads\/2021\/02\/rh-1024x678.jpg 1024w, https:\/\/secret-ca.com\/wp-content\/uploads\/2021\/02\/rh-300x199.jpg 300w, https:\/\/secret-ca.com\/wp-content\/uploads\/2021\/02\/rh-768x508.jpg 768w, https:\/\/secret-ca.com\/wp-content\/uploads\/2021\/02\/rh-1536x1017.jpg 1536w, https:\/\/secret-ca.com\/wp-content\/uploads\/2021\/02\/rh.jpg 1586w\" sizes=\"(max-width: 767px) 89vw, (max-width: 1000px) 54vw, (max-width: 1071px) 543px, 580px\" \/><\/figure><div class=\"wp-block-media-text__content\">\n<ul><li>Gestion des donn\u00e9es Salari\u00e9s<\/li><li>Gestion des donn\u00e9es de la paie et interface avec les gestionnaires de la paie<\/li><li>Gestion des formations et des demandes de prise en charge<\/li><li>Courriers divers.<\/li><\/ul>\n<\/div><\/div>\n\n\n\n<hr class=\"wp-block-separator has-text-color has-background has-black-background-color has-black-color is-style-wide\"\/>\n\n\n\n<h2 class=\"has-text-align-center\"><span style=\"color:#d0103a\" class=\"has-inline-color\">D\u00e9marches administratives<\/span><\/h2>\n\n\n\n<div class=\"wp-block-media-text alignwide is-stacked-on-mobile\"><figure class=\"wp-block-media-text__media\"><img loading=\"lazy\" width=\"1024\" height=\"657\" src=\"http:\/\/secretx.cluster030.hosting.ovh.net\/wp-content\/uploads\/2021\/02\/demarche-1024x657.jpg\" alt=\"\" class=\"wp-image-101 size-full\" srcset=\"https:\/\/secret-ca.com\/wp-content\/uploads\/2021\/02\/demarche-1024x657.jpg 1024w, https:\/\/secret-ca.com\/wp-content\/uploads\/2021\/02\/demarche-300x192.jpg 300w, https:\/\/secret-ca.com\/wp-content\/uploads\/2021\/02\/demarche-768x492.jpg 768w, https:\/\/secret-ca.com\/wp-content\/uploads\/2021\/02\/demarche-1536x985.jpg 1536w, https:\/\/secret-ca.com\/wp-content\/uploads\/2021\/02\/demarche.jpg 1580w\" sizes=\"(max-width: 767px) 89vw, (max-width: 1000px) 54vw, (max-width: 1071px) 543px, 580px\" \/><\/figure><div class=\"wp-block-media-text__content\">\n<ul><li>Appels d&#8217;offres<ul><li>recherche des annonces, collecte DCE<\/li><\/ul><ul><li>collecte des \u00e9l\u00e9ments de r\u00e9ponses<\/li><li>constitution des dossiers num\u00e9riques<\/li><li>d\u00e9p\u00f4t sur les plateformes<\/li><\/ul><\/li><li>Dossiers d&#8217;agr\u00e9ment<ul><li>collecte des \u00e9l\u00e9ments <\/li><li>constitution du dossier et d\u00e9p\u00f4t<\/li><\/ul><\/li><li>D\u00e9clarations divers<\/li><li>Caisse des cong\u00e9s pay\u00e9s<\/li><li>Pro BTP.<\/li><\/ul>\n<\/div><\/div>\n\n\n\n<hr class=\"wp-block-separator has-text-color has-background has-black-background-color has-black-color is-style-wide\"\/>\n\n\n\n<h2 class=\"has-text-align-center\"><span style=\"color:#d0103a\" class=\"has-inline-color\">Prestations sur site<\/span><\/h2>\n\n\n\n<div class=\"wp-block-media-text alignwide is-stacked-on-mobile is-vertically-aligned-center\"><figure class=\"wp-block-media-text__media\"><img loading=\"lazy\" width=\"1024\" height=\"677\" src=\"http:\/\/secretx.cluster030.hosting.ovh.net\/wp-content\/uploads\/2021\/02\/site-1024x677.jpg\" alt=\"\" class=\"wp-image-102 size-full\" srcset=\"https:\/\/secret-ca.com\/wp-content\/uploads\/2021\/02\/site-1024x677.jpg 1024w, https:\/\/secret-ca.com\/wp-content\/uploads\/2021\/02\/site-300x198.jpg 300w, https:\/\/secret-ca.com\/wp-content\/uploads\/2021\/02\/site-768x508.jpg 768w, https:\/\/secret-ca.com\/wp-content\/uploads\/2021\/02\/site-1536x1016.jpg 1536w, https:\/\/secret-ca.com\/wp-content\/uploads\/2021\/02\/site.jpg 1585w\" sizes=\"(max-width: 767px) 89vw, (max-width: 1000px) 54vw, (max-width: 1071px) 543px, 580px\" \/><\/figure><div class=\"wp-block-media-text__content\">\n<ul><li>Remplacement ponctuel<\/li><li>Accueil t\u00e9l\u00e9phonique et physique<\/li><li>Classement<\/li><li>Archivage<\/li><\/ul>\n<\/div><\/div>\n","protected":false},"excerpt":{"rendered":"<p>Secr\u00e9tariat Organisation administrative M\u00e9thodologie et conseil d&#8217;organisation administrative Mise en place d\u2019une organisation pour l&#8217;administration des ventes, Classement num\u00e9rique et physique Constitution de dossiers administratifs divers Collecte et gestion des documents administratifs, K-bis, attestations Fiscales, URSSAF, etc. Suivi Administratif des sous-traitants et des contrats de sous-traitance Gestion Suivi de budget, plan de tr\u00e9sorerie (conception des &hellip; <\/p>\n<p class=\"link-more\"><a href=\"https:\/\/secret-ca.com\/index.php\/professionnels\/\" class=\"more-link\">Continuer la lecture<span class=\"screen-reader-text\"> de &laquo;&nbsp;Professionnels&nbsp;&raquo;<\/span><\/a><\/p>\n","protected":false},"author":1,"featured_media":147,"parent":0,"menu_order":0,"comment_status":"closed","ping_status":"closed","template":"","meta":[],"_links":{"self":[{"href":"https:\/\/secret-ca.com\/index.php\/wp-json\/wp\/v2\/pages\/13"}],"collection":[{"href":"https:\/\/secret-ca.com\/index.php\/wp-json\/wp\/v2\/pages"}],"about":[{"href":"https:\/\/secret-ca.com\/index.php\/wp-json\/wp\/v2\/types\/page"}],"author":[{"embeddable":true,"href":"https:\/\/secret-ca.com\/index.php\/wp-json\/wp\/v2\/users\/1"}],"replies":[{"embeddable":true,"href":"https:\/\/secret-ca.com\/index.php\/wp-json\/wp\/v2\/comments?post=13"}],"version-history":[{"count":25,"href":"https:\/\/secret-ca.com\/index.php\/wp-json\/wp\/v2\/pages\/13\/revisions"}],"predecessor-version":[{"id":555,"href":"https:\/\/secret-ca.com\/index.php\/wp-json\/wp\/v2\/pages\/13\/revisions\/555"}],"wp:featuredmedia":[{"embeddable":true,"href":"https:\/\/secret-ca.com\/index.php\/wp-json\/wp\/v2\/media\/147"}],"wp:attachment":[{"href":"https:\/\/secret-ca.com\/index.php\/wp-json\/wp\/v2\/media?parent=13"}],"curies":[{"name":"wp","href":"https:\/\/api.w.org\/{rel}","templated":true}]}}