{"id":15,"date":"2021-02-10T17:22:53","date_gmt":"2021-02-10T16:22:53","guid":{"rendered":"http:\/\/secretx.cluster030.hosting.ovh.net\/?page_id=15"},"modified":"2021-05-11T22:06:36","modified_gmt":"2021-05-11T20:06:36","slug":"blog","status":"publish","type":"page","link":"https:\/\/secret-ca.com\/index.php\/blog\/","title":{"rendered":"Particuliers"},"content":{"rendered":"\n<h2 class=\"has-text-align-center\"><span style=\"color:#d0103a\" class=\"has-inline-color\">Soutien administratif<\/span><\/h2>\n\n\n\n<div class=\"wp-block-media-text alignwide is-stacked-on-mobile\"><figure class=\"wp-block-media-text__media\"><img loading=\"lazy\" width=\"1024\" height=\"657\" src=\"http:\/\/secretx.cluster030.hosting.ovh.net\/wp-content\/uploads\/2021\/02\/demarche-1-1024x657.jpg\" alt=\"\" class=\"wp-image-160 size-full\" srcset=\"https:\/\/secret-ca.com\/wp-content\/uploads\/2021\/02\/demarche-1-1024x657.jpg 1024w, https:\/\/secret-ca.com\/wp-content\/uploads\/2021\/02\/demarche-1-300x192.jpg 300w, https:\/\/secret-ca.com\/wp-content\/uploads\/2021\/02\/demarche-1-768x492.jpg 768w, https:\/\/secret-ca.com\/wp-content\/uploads\/2021\/02\/demarche-1-1536x985.jpg 1536w, https:\/\/secret-ca.com\/wp-content\/uploads\/2021\/02\/demarche-1.jpg 1580w\" sizes=\"(max-width: 767px) 89vw, (max-width: 1000px) 54vw, (max-width: 1071px) 543px, 580px\" \/><\/figure><div class=\"wp-block-media-text__content\">\n<ul><li>D\u00e9marches aupr\u00e8s des banques, mairies, CAF, s\u00e9curit\u00e9 sociale, op\u00e9rateurs t\u00e9l\u00e9phoniques, abonnements divers etc.<\/li><li>Envoi et suivi de vos demandes de remboursement de mutuelle et s\u00e9curit\u00e9 sociale<\/li><li>D\u00e9p\u00f4t des d\u00e9clarations d\u2019imp\u00f4ts sur \u00ab impots.gouv \u00bb<\/li><li>Aide aux d\u00e9marches sur le portail ANTAI (Carte grise, d\u00e9claration de cession)<\/li><li>Assistance administrative aupr\u00e8s des gens ayant des difficult\u00e9s avec la lecture et l\u2019\u00e9criture de la langue fran\u00e7aise.<\/li><\/ul>\n\n\n\n<p><\/p>\n<\/div><\/div>\n\n\n\n<hr class=\"wp-block-separator has-text-color has-background has-black-background-color has-black-color is-style-wide\"\/>\n\n\n\n<h2 class=\"has-text-align-center\"><span style=\"color:#d0103a\" class=\"has-inline-color\">Secr\u00e9tariat<\/span><\/h2>\n\n\n\n<div class=\"wp-block-media-text alignwide is-stacked-on-mobile is-vertically-aligned-center\"><figure class=\"wp-block-media-text__media\"><img loading=\"lazy\" width=\"783\" height=\"520\" src=\"http:\/\/secretx.cluster030.hosting.ovh.net\/wp-content\/uploads\/2021\/02\/secretariat-1.jpg\" alt=\"\" class=\"wp-image-161 size-full\" srcset=\"https:\/\/secret-ca.com\/wp-content\/uploads\/2021\/02\/secretariat-1.jpg 783w, https:\/\/secret-ca.com\/wp-content\/uploads\/2021\/02\/secretariat-1-300x199.jpg 300w, https:\/\/secret-ca.com\/wp-content\/uploads\/2021\/02\/secretariat-1-768x510.jpg 768w\" sizes=\"(max-width: 767px) 89vw, (max-width: 1000px) 54vw, (max-width: 1071px) 543px, 580px\" \/><\/figure><div class=\"wp-block-media-text__content\">\n<ul><li>Curriculum Vitae<\/li><li>R\u00e9daction des courriers, e-mails\u2026<\/li><li>Mise en page de documents, rapports de stage, etc.<\/li><li>Prise de rendez-vous doctolib<\/li><\/ul>\n\n\n\n<p><\/p>\n<\/div><\/div>\n\n\n\n<hr class=\"wp-block-separator is-style-wide\"\/>\n\n\n\n<h2 class=\"has-text-align-center\"><span style=\"color:#d0103a\" class=\"has-inline-color\">Gestion<\/span><\/h2>\n\n\n\n<div class=\"wp-block-media-text alignwide is-stacked-on-mobile is-vertically-aligned-center\"><figure class=\"wp-block-media-text__media\"><img loading=\"lazy\" width=\"1024\" height=\"470\" src=\"http:\/\/secretx.cluster030.hosting.ovh.net\/wp-content\/uploads\/2021\/02\/Gestion-1-1024x470.jpg\" alt=\"\" class=\"wp-image-162 size-full\" srcset=\"https:\/\/secret-ca.com\/wp-content\/uploads\/2021\/02\/Gestion-1-1024x470.jpg 1024w, https:\/\/secret-ca.com\/wp-content\/uploads\/2021\/02\/Gestion-1-300x138.jpg 300w, https:\/\/secret-ca.com\/wp-content\/uploads\/2021\/02\/Gestion-1-768x353.jpg 768w, https:\/\/secret-ca.com\/wp-content\/uploads\/2021\/02\/Gestion-1-1536x706.jpg 1536w, https:\/\/secret-ca.com\/wp-content\/uploads\/2021\/02\/Gestion-1.jpg 1561w\" sizes=\"(max-width: 767px) 89vw, (max-width: 1000px) 54vw, (max-width: 1071px) 543px, 580px\" \/><\/figure><div class=\"wp-block-media-text__content\">\n<ul><li>Suivi des \u00e9ch\u00e9ances des factures des divers prestataires (\u00e9lectricit\u00e9, eaux etc.)<\/li><li>Aide au pointage des comptes<\/li><li>Cr\u00e9ation de tableaux de suivi des \u00e9ch\u00e9ances.<\/li><\/ul>\n<\/div><\/div>\n\n\n\n<hr class=\"wp-block-separator has-text-color has-background has-black-background-color has-black-color is-style-wide\"\/>\n\n\n\n<h2 class=\"has-text-align-center\"><span style=\"color:#d0103a\" class=\"has-inline-color\">Assistance \u00e0 la manipulation des outils num\u00e9riques<\/span><\/h2>\n\n\n\n<div class=\"wp-block-media-text alignwide is-stacked-on-mobile is-vertically-aligned-center\"><figure class=\"wp-block-media-text__media\"><img loading=\"lazy\" width=\"794\" height=\"795\" src=\"http:\/\/secretx.cluster030.hosting.ovh.net\/wp-content\/uploads\/2021\/02\/outil-um.jpg\" alt=\"\" class=\"wp-image-163 size-full\" srcset=\"https:\/\/secret-ca.com\/wp-content\/uploads\/2021\/02\/outil-um.jpg 794w, https:\/\/secret-ca.com\/wp-content\/uploads\/2021\/02\/outil-um-300x300.jpg 300w, https:\/\/secret-ca.com\/wp-content\/uploads\/2021\/02\/outil-um-150x150.jpg 150w, https:\/\/secret-ca.com\/wp-content\/uploads\/2021\/02\/outil-um-768x769.jpg 768w, https:\/\/secret-ca.com\/wp-content\/uploads\/2021\/02\/outil-um-100x100.jpg 100w\" sizes=\"(max-width: 767px) 89vw, (max-width: 1000px) 54vw, (max-width: 1071px) 543px, 580px\" \/><\/figure><div class=\"wp-block-media-text__content\">\n<ul><li>Web, appel visio\u2026<\/li><li>Fichiers num\u00e9riques<\/li><li>PC ou MAC<\/li><li>Tablette Windows ou Mac<\/li><li>Smartphone ou IPhone<\/li><\/ul>\n<\/div><\/div>\n\n\n\n<p><\/p>\n","protected":false},"excerpt":{"rendered":"<p>Soutien administratif D\u00e9marches aupr\u00e8s des banques, mairies, CAF, s\u00e9curit\u00e9 sociale, op\u00e9rateurs t\u00e9l\u00e9phoniques, abonnements divers etc. Envoi et suivi de vos demandes de remboursement de mutuelle et s\u00e9curit\u00e9 sociale D\u00e9p\u00f4t des d\u00e9clarations d\u2019imp\u00f4ts sur \u00ab impots.gouv \u00bb Aide aux d\u00e9marches sur le portail ANTAI (Carte grise, d\u00e9claration de cession) Assistance administrative aupr\u00e8s des gens ayant des &hellip; <\/p>\n<p class=\"link-more\"><a href=\"https:\/\/secret-ca.com\/index.php\/blog\/\" class=\"more-link\">Continuer la lecture<span class=\"screen-reader-text\"> de &laquo;&nbsp;Particuliers&nbsp;&raquo;<\/span><\/a><\/p>\n","protected":false},"author":1,"featured_media":158,"parent":0,"menu_order":0,"comment_status":"closed","ping_status":"closed","template":"","meta":[],"_links":{"self":[{"href":"https:\/\/secret-ca.com\/index.php\/wp-json\/wp\/v2\/pages\/15"}],"collection":[{"href":"https:\/\/secret-ca.com\/index.php\/wp-json\/wp\/v2\/pages"}],"about":[{"href":"https:\/\/secret-ca.com\/index.php\/wp-json\/wp\/v2\/types\/page"}],"author":[{"embeddable":true,"href":"https:\/\/secret-ca.com\/index.php\/wp-json\/wp\/v2\/users\/1"}],"replies":[{"embeddable":true,"href":"https:\/\/secret-ca.com\/index.php\/wp-json\/wp\/v2\/comments?post=15"}],"version-history":[{"count":16,"href":"https:\/\/secret-ca.com\/index.php\/wp-json\/wp\/v2\/pages\/15\/revisions"}],"predecessor-version":[{"id":695,"href":"https:\/\/secret-ca.com\/index.php\/wp-json\/wp\/v2\/pages\/15\/revisions\/695"}],"wp:featuredmedia":[{"embeddable":true,"href":"https:\/\/secret-ca.com\/index.php\/wp-json\/wp\/v2\/media\/158"}],"wp:attachment":[{"href":"https:\/\/secret-ca.com\/index.php\/wp-json\/wp\/v2\/media?parent=15"}],"curies":[{"name":"wp","href":"https:\/\/api.w.org\/{rel}","templated":true}]}}