{"id":20,"date":"2021-02-10T17:22:53","date_gmt":"2021-02-10T16:22:53","guid":{"rendered":"http:\/\/secretx.cluster030.hosting.ovh.net\/?page_id=20"},"modified":"2021-03-25T13:21:01","modified_gmt":"2021-03-25T12:21:01","slug":"accueil","status":"publish","type":"page","link":"https:\/\/secret-ca.com\/","title":{"rendered":"Accueil"},"content":{"rendered":"<h2 class=\"has-text-align-center\" style=\"text-align: center;\"><span class=\"has-inline-color\" style=\"color: #d0103a;\">A propos de Secret-ca<\/span><\/h2>\n\n\n<p class=\"has-black-color has-text-color\" style=\"line-height:1.2\">La soci\u00e9t\u00e9 <strong><span style=\"color:#d0103a\" class=\"has-inline-color\">S<\/span>ecret-ca<\/strong> est repr\u00e9sent\u00e9e par <strong>Corinne AUBAILLY votre assistante, Office Manager, <\/strong>elle met \u00e0 votre disposition son exp\u00e9rience dans les domaines de l\u2019assistanat, secr\u00e9tariat et\u00a0de la gestion administrative, acquise durant 30 ans, en exer\u00e7ant dans divers secteurs d&#8217;activit\u00e9, tel que le transport, le syndicat de copropri\u00e9t\u00e9, la vente et le commerce de gros ainsi qu&#8217;une sp\u00e9cialisation dans les m\u00e9tiers du b\u00e2timent et du second \u0153uvre.<\/p>\n\n\n\n<p class=\"has-black-color has-text-color\" style=\"line-height:1.2\">Pour en savoir plus, sur les exp\u00e9riences professionnelles et les comp\u00e9tences de votre assistante, cliquez sur le lien ci-dessous.<\/p>\n\n\n\n<div class=\"wp-block-file\"><a href=\"http:\/\/secretx.cluster030.hosting.ovh.net\/wp-content\/uploads\/2021\/02\/Competences-Corinne-AUBAILLY-3.pdf\" target=\"_blank\" rel=\"noreferrer noopener\">Cliquez<\/a><a href=\"http:\/\/secretx.cluster030.hosting.ovh.net\/wp-content\/uploads\/2021\/02\/Competences-Corinne-AUBAILLY-3.pdf\" class=\"wp-block-file__button\" download>T\u00e9l\u00e9charger<\/a><\/div>\n\n\n\n<hr class=\"wp-block-separator has-text-color has-background has-black-background-color has-black-color is-style-wide\"\/>\n\n\n<h2 class=\"has-text-align-center\" style=\"text-align: center;\"><span class=\"has-inline-color\" style=\"color: #d0103a;\">Les points forts<\/span><\/h2>\n\n\n<ul><li>R\u00e9activit\u00e9<\/li><li>Sens du service<\/li><li>Disponibilit\u00e9<\/li><li>Ecoute<\/li><li>Discr\u00e9tion<\/li><\/ul>\n\n\n\n<hr class=\"wp-block-separator has-text-color has-background has-black-background-color has-black-color is-style-wide\"\/>\n\n\n<h2 class=\"has-text-align-center\" style=\"text-align: center;\"><span class=\"has-inline-color\" style=\"color: #d0103a;\">Secret-ca pour qui ?<\/span><\/h2>\n\n\n<p><strong>Les Professionnels <\/strong>:<\/p>\n\n\n\n<ul><li>Artisans<\/li><li>Ind\u00e9pendants<\/li><li>TPE<\/li><li>Associations<\/li><\/ul>\n\n\n\n<p>Vous passez trop de temps sur vos t\u00e2ches administratives ? Nous pouvons vous aider et vous lib\u00e9rer des taches chronophages afin que vous puissiez vous concentrer sur votre activit\u00e9.<\/p>\n\n\n\n<p><strong><span style=\"color:#d01003\" class=\"has-inline-color\">S<\/span>ecret-ca <\/strong>vous assiste !<\/p>\n\n\n\n<p>Organisation administrative, facturation, relances clients, gestion des fournisseurs, production de documents ; rapports divers, D.O.E., P.P.S.P.S., devis, \u00e9tats budg\u00e9taires, notes de frais etc.<\/p>\n\n\n\n<p><strong>A l&#8217;air du tout num\u00e9rique, les prestations sont r\u00e9alisables sur l&#8217;ensemble du territoire sauf pour les prestations sur site<\/strong>.<\/p>\n\n\n\n<p><strong>Les Particuliers <\/strong>:<\/p>\n\n\n\n<p>Vous avez besoin d\u2019un soutien pour des d\u00e9marches administratives souvent sources de stress, des prestations de secr\u00e9tariat, de gestion,<br>Ou simplement aimeriez-vous apprendre \u00e0 utiliser les outils informatiques, partager des moments avec vos proches \u00e9loign\u00e9s en visio, <br>Peut-\u00eatre ressentez vous l\u2019envie de vous connecter \u00e0 divers r\u00e9seaux sociaux.<br><strong><span style=\"color:#d0103a\" class=\"has-inline-color\">S<\/span>ecret-ca<\/strong> est l\u00e0 pour vous simplifier la vie.<\/p>\n\n\n\n<hr class=\"wp-block-separator has-text-color has-background has-black-background-color has-black-color is-style-wide\"\/>\n\n\n<h2 class=\"has-text-align-center\" style=\"text-align: center;\"><span class=\"has-inline-color\" style=\"color: #d0103a;\">Contactez-nous !<\/span><\/h2>\n\n\n<p><span class=\"has-inline-color has-black-color\">Vous souhaitez un renseignement, un conseil, un accompagnement, n&#8217;h\u00e9sitez pas <\/span>\u00e0 nous contacter. <br>Nous \u00e9tudierons ensemble vos besoins, une offre claire et d\u00e9taill\u00e9e vous sera transmise dans les 24\u00a0heures.<\/p>\n\n\n\n<p>Par t\u00e9l\u00e9phone : <br><strong>06 84 82 45 67<\/strong><br>Par mail : <br><a href=\"mailto:corinne.aubailly@secret-ca.com\"><strong>corinne.aubailly@secret-ca.com<\/strong><\/a><br>Ou via le formulaire se trouvant dans l&#8217;onglet &#8220;contact&#8221;<\/p>\n\n\n\n<p><\/p>\n","protected":false},"excerpt":{"rendered":"<p>A propos de Secret-ca La soci\u00e9t\u00e9 Secret-ca est repr\u00e9sent\u00e9e par Corinne AUBAILLY votre assistante, Office Manager, elle met \u00e0 votre disposition son exp\u00e9rience dans les domaines de l\u2019assistanat, secr\u00e9tariat et\u00a0de la gestion administrative, acquise durant 30 ans, en exer\u00e7ant dans divers secteurs d&#8217;activit\u00e9, tel que le transport, le syndicat de copropri\u00e9t\u00e9, la vente et le &hellip; <\/p>\n<p class=\"link-more\"><a href=\"https:\/\/secret-ca.com\/\" class=\"more-link\">Continuer la lecture<span class=\"screen-reader-text\"> de &laquo;&nbsp;Accueil&nbsp;&raquo;<\/span><\/a><\/p>\n","protected":false},"author":1,"featured_media":372,"parent":0,"menu_order":0,"comment_status":"closed","ping_status":"closed","template":"","meta":[],"_links":{"self":[{"href":"https:\/\/secret-ca.com\/index.php\/wp-json\/wp\/v2\/pages\/20"}],"collection":[{"href":"https:\/\/secret-ca.com\/index.php\/wp-json\/wp\/v2\/pages"}],"about":[{"href":"https:\/\/secret-ca.com\/index.php\/wp-json\/wp\/v2\/types\/page"}],"author":[{"embeddable":true,"href":"https:\/\/secret-ca.com\/index.php\/wp-json\/wp\/v2\/users\/1"}],"replies":[{"embeddable":true,"href":"https:\/\/secret-ca.com\/index.php\/wp-json\/wp\/v2\/comments?post=20"}],"version-history":[{"count":48,"href":"https:\/\/secret-ca.com\/index.php\/wp-json\/wp\/v2\/pages\/20\/revisions"}],"predecessor-version":[{"id":552,"href":"https:\/\/secret-ca.com\/index.php\/wp-json\/wp\/v2\/pages\/20\/revisions\/552"}],"wp:featuredmedia":[{"embeddable":true,"href":"https:\/\/secret-ca.com\/index.php\/wp-json\/wp\/v2\/media\/372"}],"wp:attachment":[{"href":"https:\/\/secret-ca.com\/index.php\/wp-json\/wp\/v2\/media?parent=20"}],"curies":[{"name":"wp","href":"https:\/\/api.w.org\/{rel}","templated":true}]}}