{"id":284,"date":"2021-02-12T22:36:41","date_gmt":"2021-02-12T21:36:41","guid":{"rendered":"http:\/\/secretx.cluster030.hosting.ovh.net\/?page_id=284"},"modified":"2021-02-13T17:23:57","modified_gmt":"2021-02-13T16:23:57","slug":"politique-de-confidentialite-2","status":"publish","type":"page","link":"https:\/\/secret-ca.com\/index.php\/politique-de-confidentialite-2\/","title":{"rendered":"Politique de confidentialit\u00e9"},"content":{"rendered":"\n<h3>Mentions l\u00e9gales<\/h3>\n\n\n\n<p>La soci\u00e9t\u00e9 Secret-ca, dont le si\u00e8ge est situ\u00e9 au 59, route de Roissy \u2013<br>93 290 Tremblay-en-France, dispose d\u2019un site internet dit \u00ab&nbsp;Vitrine&nbsp;\u00bb.<br>Ce site permet de pr\u00e9senter les services de la soci\u00e9t\u00e9.<\/p>\n\n\n\n<h3>Politique de confidentialit\u00e9<\/h3>\n\n\n\n<p>Les donn\u00e9es collect\u00e9es par Secret-ca ne sont en aucun cas c\u00e9d\u00e9es \u00e0 des tiers, celles-ci sont stock\u00e9es par Corinne AUBAILLY, Pr\u00e9sidente de la soci\u00e9t\u00e9 <br>Secret-ca, et pourront \u00eatre consult\u00e9es uniquement par ses salari\u00e9s.<\/p>\n\n\n\n<h3>Le formulaire de contact et les donn\u00e9es collect\u00e9es<\/h3>\n\n\n\n<p>Le formulaire de contact, collecte les donn\u00e9es suivantes\u00a0: <br>. Noms<br>. Pr\u00e9noms<br>. Mails<br>Ces donn\u00e9es seront utilis\u00e9es uniquement pour r\u00e9pondre \u00e0 votre demande et vous faire parvenir une proposition commerciale, vous ne serez pas inscrit \u00e0 une newsletter et nous ne partagerons jamais vos donn\u00e9es.<\/p>\n","protected":false},"excerpt":{"rendered":"<p>Mentions l\u00e9gales La soci\u00e9t\u00e9 Secret-ca, dont le si\u00e8ge est situ\u00e9 au 59, route de Roissy \u201393 290 Tremblay-en-France, dispose d\u2019un site internet dit \u00ab&nbsp;Vitrine&nbsp;\u00bb.Ce site permet de pr\u00e9senter les services de la soci\u00e9t\u00e9. Politique de confidentialit\u00e9 Les donn\u00e9es collect\u00e9es par Secret-ca ne sont en aucun cas c\u00e9d\u00e9es \u00e0 des tiers, celles-ci sont stock\u00e9es par Corinne &hellip; <\/p>\n<p class=\"link-more\"><a href=\"https:\/\/secret-ca.com\/index.php\/politique-de-confidentialite-2\/\" class=\"more-link\">Continuer la lecture<span class=\"screen-reader-text\"> de &laquo;&nbsp;Politique de confidentialit\u00e9&nbsp;&raquo;<\/span><\/a><\/p>\n","protected":false},"author":1,"featured_media":0,"parent":0,"menu_order":0,"comment_status":"closed","ping_status":"closed","template":"","meta":[],"_links":{"self":[{"href":"https:\/\/secret-ca.com\/index.php\/wp-json\/wp\/v2\/pages\/284"}],"collection":[{"href":"https:\/\/secret-ca.com\/index.php\/wp-json\/wp\/v2\/pages"}],"about":[{"href":"https:\/\/secret-ca.com\/index.php\/wp-json\/wp\/v2\/types\/page"}],"author":[{"embeddable":true,"href":"https:\/\/secret-ca.com\/index.php\/wp-json\/wp\/v2\/users\/1"}],"replies":[{"embeddable":true,"href":"https:\/\/secret-ca.com\/index.php\/wp-json\/wp\/v2\/comments?post=284"}],"version-history":[{"count":6,"href":"https:\/\/secret-ca.com\/index.php\/wp-json\/wp\/v2\/pages\/284\/revisions"}],"predecessor-version":[{"id":297,"href":"https:\/\/secret-ca.com\/index.php\/wp-json\/wp\/v2\/pages\/284\/revisions\/297"}],"wp:attachment":[{"href":"https:\/\/secret-ca.com\/index.php\/wp-json\/wp\/v2\/media?parent=284"}],"curies":[{"name":"wp","href":"https:\/\/api.w.org\/{rel}","templated":true}]}}