{"id":697,"date":"2021-05-13T15:35:43","date_gmt":"2021-05-13T13:35:43","guid":{"rendered":"https:\/\/secret-ca.com\/?page_id=697"},"modified":"2022-01-06T22:35:12","modified_gmt":"2022-01-06T21:35:12","slug":"les-tarifs","status":"publish","type":"page","link":"https:\/\/secret-ca.com\/index.php\/les-tarifs\/","title":{"rendered":"Les tarifs"},"content":{"rendered":"\n<p>Pour une tarification adapt\u00e9e \u00e0 vos besoins, contactez Secret-ca <br>Par mail \u00e0 l&#8217;adresse suivante : <a href=\"mailto:corinne.aubailly@secret-ca.com\">corinne.aubailly@secret-ca.com<\/a><br>Par t\u00e9l\u00e9phone : 06 84 82 45 67<br><\/p>\n\n\n\n<figure class=\"wp-block-image size-large is-resized\"><img loading=\"lazy\" src=\"https:\/\/secret-ca.com\/wp-content\/uploads\/2021\/05\/Sans-titre.png\" alt=\"\" class=\"wp-image-702\" width=\"198\" height=\"139\"\/><\/figure>\n\n\n\n<div class=\"wp-block-columns\"><\/div>\n\n\n\n<div class=\"wp-block-columns\"><\/div>\n\n\n\n<div class=\"wp-block-columns\"><\/div>\n\n\n\n<div class=\"wp-block-columns\">\n<div class=\"wp-block-column\">\n<p class=\"has-small-font-size\" style=\"line-height:1\"><\/p>\n<\/div>\n<\/div>\n\n\n\n<p><\/p>\n","protected":false},"excerpt":{"rendered":"<p>Pour une tarification adapt\u00e9e \u00e0 vos besoins, contactez Secret-ca Par mail \u00e0 l&#8217;adresse suivante : corinne.aubailly@secret-ca.comPar t\u00e9l\u00e9phone : 06 84 82 45 67<\/p>\n","protected":false},"author":1,"featured_media":0,"parent":0,"menu_order":0,"comment_status":"closed","ping_status":"closed","template":"","meta":[],"_links":{"self":[{"href":"https:\/\/secret-ca.com\/index.php\/wp-json\/wp\/v2\/pages\/697"}],"collection":[{"href":"https:\/\/secret-ca.com\/index.php\/wp-json\/wp\/v2\/pages"}],"about":[{"href":"https:\/\/secret-ca.com\/index.php\/wp-json\/wp\/v2\/types\/page"}],"author":[{"embeddable":true,"href":"https:\/\/secret-ca.com\/index.php\/wp-json\/wp\/v2\/users\/1"}],"replies":[{"embeddable":true,"href":"https:\/\/secret-ca.com\/index.php\/wp-json\/wp\/v2\/comments?post=697"}],"version-history":[{"count":18,"href":"https:\/\/secret-ca.com\/index.php\/wp-json\/wp\/v2\/pages\/697\/revisions"}],"predecessor-version":[{"id":782,"href":"https:\/\/secret-ca.com\/index.php\/wp-json\/wp\/v2\/pages\/697\/revisions\/782"}],"wp:attachment":[{"href":"https:\/\/secret-ca.com\/index.php\/wp-json\/wp\/v2\/media?parent=697"}],"curies":[{"name":"wp","href":"https:\/\/api.w.org\/{rel}","templated":true}]}}